{"id":4665,"date":"2026-01-09T17:15:14","date_gmt":"2026-01-09T17:15:14","guid":{"rendered":"https:\/\/edunaturalis.com\/?page_id=4665"},"modified":"2026-01-24T08:25:08","modified_gmt":"2026-01-24T08:25:08","slug":"recursos","status":"publish","type":"page","link":"https:\/\/edunaturalis.com\/es\/recursos\/","title":{"rendered":"Recursos en espa\u00f1ol"},"content":{"rendered":"<div class=\"wpb-content-wrapper\"><section class=\"vc_section\"><\/section><div class=\"vc_row wpb_row vc_row-fluid\"><div class=\"wpb_column vc_column_container vc_col-sm-12\"><div class=\"vc_column-inner\"><div class=\"wpb_wrapper\">\n\t<div  class=\"wpb_single_image wpb_content_element vc_align_center wpb_content_element vc_custom_1768413213902\">\n\t\t\n\t\t<figure class=\"wpb_wrapper vc_figure\">\n\t\t\t<div class=\"vc_single_image-wrapper   vc_box_border_grey\"><img decoding=\"async\" class=\"vc_single_image-img\" src=\"https:\/\/edunaturalis.com\/wp-content\/uploads\/2026\/01\/recursos-es-500x300.png\" width=\"500\" height=\"300\" alt=\"Recursos educativos para familias, mujeres de comunidades indigenas y rurales, productores locales y notas de investigacion.\" title=\"recursos-es\" loading=\"lazy\" \/><\/div>\n\t\t<\/figure>\n\t<\/div>\n<\/div><\/div><\/div><\/div><div class=\"vc_row wpb_row vc_row-fluid\"><div class=\"wpb_column vc_column_container vc_col-sm-12\"><div class=\"vc_column-inner vc_custom_1769242899541\"><div class=\"wpb_wrapper\">\n\t<div class=\"wpb_text_column wpb_content_element vc_custom_1769243032805\" >\n\t\t<div class=\"wpb_wrapper\">\n\t\t\t<h1 style=\"text-align: center;\"><span style=\"color: #a52a2a;\"><strong>Herramientas, recursos e ideas basadas en la ciencia y el conocimiento tradicional.<\/strong><\/span><\/h1>\n<h2 style=\"text-align: center;\"><span style=\"color: #398043;\"><strong>Para familias, individuos, educadores, mujeres de comunidades rurales e ind\u00edgenas y productores locales.<\/strong><\/span><\/h2>\n\n\t\t<\/div>\n\t<\/div>\n<\/div><\/div><\/div><\/div><div class=\"vc_row wpb_row vc_row-fluid\"><div class=\"wpb_column vc_column_container vc_col-sm-2\"><div class=\"vc_column-inner\"><div class=\"wpb_wrapper\"><\/div><\/div><\/div><div class=\"wpb_column vc_column_container vc_col-sm-8\"><div class=\"vc_column-inner vc_custom_1769242660028\"><div class=\"wpb_wrapper\">\n\t<div class=\"wpb_text_column wpb_content_element vc_custom_1769243095774\" >\n\t\t<div class=\"wpb_wrapper\">\n\t\t\t<p style=\"text-align: center;\"><em>En Edu Naturalis compartimos herramientas, ideas y materiales educativos basados en la investigaci\u00f3n y la experiencia en territorio. Estos recursos est\u00e1n pensados para distintos p\u00fablicos y contextos, y se publican de manera gradual.\u00a0 No todos los recursos son universales ni inmediatos: en Edu Naturalis priorizamos herramientas situadas, \u00e9ticas y \u00fatiles en contextos reales.<\/em><\/p>\n\n\t\t<\/div>\n\t<\/div>\n<\/div><\/div><\/div><div class=\"wpb_column vc_column_container vc_col-sm-2\"><div class=\"vc_column-inner\"><div class=\"wpb_wrapper\"><\/div><\/div><\/div><\/div><div class=\"vc_row wpb_row vc_row-fluid vc_custom_1769242566060\"><div class=\"wpb_column vc_column_container vc_col-sm-12\"><div class=\"vc_column-inner\"><div class=\"wpb_wrapper\"><div class=\"vc_row wpb_row vc_inner vc_row-fluid vc_custom_1768315600211 vc_column-gap-10 vc_row-o-equal-height vc_row-o-content-top vc_row-flex\"><div class=\"wpb_column vc_column_container vc_col-sm-3 vc_col-has-fill\"><div class=\"vc_column-inner vc_custom_1768314774207\"><div class=\"wpb_wrapper\">\n\t<div  class=\"wpb_single_image wpb_content_element vc_align_center wpb_content_element\">\n\t\t\n\t\t<figure class=\"wpb_wrapper vc_figure\">\n\t\t\t<div class=\"vc_single_image-wrapper   vc_box_border_grey\"><img decoding=\"async\" class=\"vc_single_image-img\" src=\"https:\/\/edunaturalis.com\/wp-content\/uploads\/2026\/01\/personas-y-familias-180x110.png\" width=\"180\" height=\"110\" alt=\"Recursos educativos para personas, familias o educadores que promueven h\u00e1bitos conscientes y cuidado de la naturaleza.\" title=\"personas y familias\" loading=\"lazy\" \/><\/div>\n\t\t<\/figure>\n\t<\/div>\n\n\t<div class=\"wpb_text_column wpb_content_element\" >\n\t\t<div class=\"wpb_wrapper\">\n\t\t\t<h2 style=\"text-align: center;\">Para personas y familias<\/h2>\n<p style=\"text-align: center;\">Peque\u00f1os pasos factibles que puedes empezar hoy mismo: ahorrar dinero, reducir desperdicios y, si es tu contexto, ayudar a tus hijos o estudiantes a aprender con el ejemplo.<\/p>\n\n\t\t<\/div>\n\t<\/div>\n<\/div><\/div><\/div><div class=\"wpb_column vc_column_container vc_col-sm-3 vc_col-has-fill\"><div class=\"vc_column-inner vc_custom_1760524244393\"><div class=\"wpb_wrapper\">\n\t<div  class=\"wpb_single_image wpb_content_element vc_align_center wpb_content_element\">\n\t\t\n\t\t<figure class=\"wpb_wrapper vc_figure\">\n\t\t\t<div class=\"vc_single_image-wrapper   vc_box_border_grey\"><img decoding=\"async\" class=\"vc_single_image-img\" src=\"https:\/\/edunaturalis.com\/wp-content\/uploads\/2026\/01\/mujeresycomun-180x110.png\" width=\"180\" height=\"110\" alt=\"Herramientas y aprendizajes desarrollados junto a mujeres y comunidades rurales e ind\u00edgenas.\" title=\"mujeresycomun\" loading=\"lazy\" \/><\/div>\n\t\t<\/figure>\n\t<\/div>\n\n\t<div class=\"wpb_text_column wpb_content_element\" >\n\t\t<div class=\"wpb_wrapper\">\n\t\t\t<h2 style=\"text-align: center;\">Para mujeres en comunidades rurales e ind\u00edgenas<\/h2>\n<p style=\"text-align: center;\">Herramientas de baja tecnolog\u00eda, pensadas para mujeres que habitan contextos con acceso limitado a internet, y dise\u00f1adas respetando los tiempos, lenguajes y conocimientos locales.<\/p>\n\n\t\t<\/div>\n\t<\/div>\n<\/div><\/div><\/div><div class=\"wpb_column vc_column_container vc_col-sm-3 vc_col-has-fill\"><div class=\"vc_column-inner vc_custom_1760524673969\"><div class=\"wpb_wrapper\">\n\t<div  class=\"wpb_single_image wpb_content_element vc_align_center wpb_content_element\">\n\t\t\n\t\t<figure class=\"wpb_wrapper vc_figure\">\n\t\t\t<div class=\"vc_single_image-wrapper   vc_box_border_grey\"><img decoding=\"async\" class=\"vc_single_image-img\" src=\"https:\/\/edunaturalis.com\/wp-content\/uploads\/2026\/01\/productores-locales-180x110.png\" width=\"180\" height=\"110\" alt=\"Herramientas y aprendizajes desarrollados junto a mujeres y comunidades rurales e ind\u00edgenas.\" title=\"productores locales\" loading=\"lazy\" \/><\/div>\n\t\t<\/figure>\n\t<\/div>\n\n\t<div class=\"wpb_text_column wpb_content_element\" >\n\t\t<div class=\"wpb_wrapper\">\n\t\t\t<h2 style=\"text-align: center;\">Para productores locales<\/h2>\n<p style=\"text-align: center;\">Ideas y aprendizajes sobre gesti\u00f3n responsable de la tierra, valor a\u00f1adido y mercados m\u00e1s justos, construidos desde la experiencia, el conocimiento tradicional y la investigaci\u00f3n cient\u00edfica aplicada.<\/p>\n\n\t\t<\/div>\n\t<\/div>\n<\/div><\/div><\/div><div class=\"wpb_column vc_column_container vc_col-sm-3 vc_col-has-fill\"><div class=\"vc_column-inner vc_custom_1768314783085\"><div class=\"wpb_wrapper\">\n\t<div  class=\"wpb_single_image wpb_content_element vc_align_center wpb_content_element\">\n\t\t\n\t\t<figure class=\"wpb_wrapper vc_figure\">\n\t\t\t<div class=\"vc_single_image-wrapper   vc_box_border_grey\"><img decoding=\"async\" class=\"vc_single_image-img\" src=\"https:\/\/edunaturalis.com\/wp-content\/uploads\/2026\/01\/notas-investigacion-180x110.png\" width=\"180\" height=\"110\" alt=\"Notas de investigaci\u00f3n aplicada que conectan ciencia, conocimiento tradicional y pr\u00e1ctica territorial.\" title=\"notas investigacion\" loading=\"lazy\" \/><\/div>\n\t\t<\/figure>\n\t<\/div>\n\n\t<div class=\"wpb_text_column wpb_content_element\" >\n\t\t<div class=\"wpb_wrapper\">\n\t\t\t<h2 style=\"text-align: center;\">Res\u00famenes claros, breves y accesibles<\/h2>\n<p style=\"text-align: center;\">que conectan la evidencia con la pr\u00e1ctica cotidiana.<\/p>\n\n\t\t<\/div>\n\t<\/div>\n<\/div><\/div><\/div><\/div><\/div><\/div><\/div><\/div><div class=\"vc_row wpb_row vc_row-fluid vc_custom_1769242578118 vc_row-o-equal-height vc_row-o-content-middle vc_row-flex\"><div class=\"wpb_column vc_column_container vc_col-sm-3\"><div class=\"vc_column-inner\"><div class=\"wpb_wrapper\"><div class=\"vc_btn3-container vc_btn3-center vc_do_btn\" ><a class=\"vc_general vc_btn3 vc_btn3-size-md vc_btn3-shape-rounded vc_btn3-style-modern vc_btn3-color-success\" href=\"https:\/\/edunaturalis.com\/es\/recursos\/para-familias\/\" title=\"Recursos en espa\u00f1ol para familias\">Ver recursos para personas y familias<\/a><\/div><\/div><\/div><\/div><div class=\"wpb_column vc_column_container vc_col-sm-3\"><div class=\"vc_column-inner\"><div class=\"wpb_wrapper\">\n\t<div class=\"wpb_text_column wpb_content_element\" >\n\t\t<div class=\"wpb_wrapper\">\n\t\t\t<p><img loading=\"lazy\" decoding=\"async\" class=\"wp-image-4747 aligncenter\" src=\"https:\/\/edunaturalis.com\/wp-content\/uploads\/2026\/01\/proximamente4-150x150.png\" alt=\"leyenda verde con la palabra pr\u00f3ximamente\" width=\"200\" height=\"119\" srcset=\"https:\/\/edunaturalis.com\/wp-content\/uploads\/2026\/01\/proximamente4-300x179.png 300w, https:\/\/edunaturalis.com\/wp-content\/uploads\/2026\/01\/proximamente4-768x458.png 768w, https:\/\/edunaturalis.com\/wp-content\/uploads\/2026\/01\/proximamente4-18x12.png 18w, https:\/\/edunaturalis.com\/wp-content\/uploads\/2026\/01\/proximamente4.png 793w\" sizes=\"auto, (max-width: 200px) 100vw, 200px\" \/><\/p>\n\n\t\t<\/div>\n\t<\/div>\n<\/div><\/div><\/div><div class=\"wpb_column vc_column_container vc_col-sm-3\"><div class=\"vc_column-inner\"><div class=\"wpb_wrapper\">\n\t<div class=\"wpb_text_column wpb_content_element\" >\n\t\t<div class=\"wpb_wrapper\">\n\t\t\t<p><img loading=\"lazy\" decoding=\"async\" class=\"wp-image-4747 aligncenter\" src=\"https:\/\/edunaturalis.com\/wp-content\/uploads\/2026\/01\/proximamente4-150x150.png\" alt=\"leyenda verde con la palabra pr\u00f3ximamente\" width=\"200\" height=\"119\" srcset=\"https:\/\/edunaturalis.com\/wp-content\/uploads\/2026\/01\/proximamente4-300x179.png 300w, https:\/\/edunaturalis.com\/wp-content\/uploads\/2026\/01\/proximamente4-768x458.png 768w, https:\/\/edunaturalis.com\/wp-content\/uploads\/2026\/01\/proximamente4-18x12.png 18w, https:\/\/edunaturalis.com\/wp-content\/uploads\/2026\/01\/proximamente4.png 793w\" sizes=\"auto, (max-width: 200px) 100vw, 200px\" \/><\/p>\n\n\t\t<\/div>\n\t<\/div>\n<\/div><\/div><\/div><div class=\"wpb_column vc_column_container vc_col-sm-3\"><div class=\"vc_column-inner\"><div class=\"wpb_wrapper\">\n\t<div class=\"wpb_text_column wpb_content_element\" >\n\t\t<div class=\"wpb_wrapper\">\n\t\t\t<p><img loading=\"lazy\" decoding=\"async\" class=\"wp-image-4747 aligncenter\" src=\"https:\/\/edunaturalis.com\/wp-content\/uploads\/2026\/01\/proximamente4-150x150.png\" alt=\"leyenda verde con la palabra pr\u00f3ximamente\" width=\"200\" height=\"119\" srcset=\"https:\/\/edunaturalis.com\/wp-content\/uploads\/2026\/01\/proximamente4-300x179.png 300w, https:\/\/edunaturalis.com\/wp-content\/uploads\/2026\/01\/proximamente4-768x458.png 768w, https:\/\/edunaturalis.com\/wp-content\/uploads\/2026\/01\/proximamente4-18x12.png 18w, https:\/\/edunaturalis.com\/wp-content\/uploads\/2026\/01\/proximamente4.png 793w\" sizes=\"auto, (max-width: 200px) 100vw, 200px\" \/><\/p>\n\n\t\t<\/div>\n\t<\/div>\n<\/div><\/div><\/div><\/div><div class=\"vc_row wpb_row vc_row-fluid\"><div class=\"wpb_column vc_column_container vc_col-sm-3 vc_col-has-fill\"><div class=\"vc_column-inner vc_custom_1768318523755\"><div class=\"wpb_wrapper\"><\/div><\/div><\/div><div class=\"wpb_column vc_column_container vc_col-sm-6 vc_col-has-fill\"><div class=\"vc_column-inner vc_custom_1769242939973\"><div class=\"wpb_wrapper\">\n\t<div class=\"wpb_text_column wpb_content_element vc_custom_1769242932877\" >\n\t\t<div class=\"wpb_wrapper\">\n\t\t\t<p style=\"text-align: center;\"><span style=\"color: #b98612;\"><em><span style=\"color: #b98612;\">Los recursos preparados para mujeres y productores locales se desarrollan en colaboraci\u00f3n con iniciativas y liderazgos locales, y se comparten de forma cuidadosa, prioritaria y contextualizada, \u00fanicamente cuando existen las condiciones \u00e9ticas y operativas adecuadas. <\/span>\u00a0<\/em><\/span><\/p>\n<p style=\"text-align: center;\"><span style=\"color: #000000;\">Algunos recursos se incorporar\u00e1n de forma gradual. Desarrollar herramientas responsables requiere tiempo, escuchar y las condiciones adecuadas.<\/span><\/p>\n\n\t\t<\/div>\n\t<\/div>\n<\/div><\/div><\/div><div class=\"wpb_column vc_column_container vc_col-sm-3\"><div class=\"vc_column-inner\"><div class=\"wpb_wrapper\"><\/div><\/div><\/div><\/div><div class=\"vc_row wpb_row vc_row-fluid vc_custom_1768318114558\"><div class=\"wpb_column vc_column_container vc_col-sm-12\"><div class=\"vc_column-inner vc_custom_1766407370970\"><div class=\"wpb_wrapper\">\n\t<div class=\"wpb_text_column wpb_content_element vc_custom_1769242962013\" >\n\t\t<div class=\"wpb_wrapper\">\n\t\t\t<h3 style=\"text-align: center;\"><span style=\"color: #a52a2a;\">Por un futuro m\u00e1s justo \u2022 Protegiendo la naturaleza \u2022 Empoderando mujeres \u2022 Apoyando productores \u2022 Promoviendo h\u00e1bitos sostenibles \u2022 Inspirando acciones transformadoras<\/span><\/h3>\n\n\t\t<\/div>\n\t<\/div>\n<\/div><\/div><\/div><\/div>\n<\/div>","protected":false},"excerpt":{"rendered":"Herramientas, recursos e ideas basadas en la ciencia y el conocimiento tradicional. Para familias, individuos, educadores, mujeres de comunidades rurales e ind\u00edgenas y productores locales. En Edu Naturalis compartimos herramientas, ideas y materiales educativos basados en la investigaci\u00f3n y la experiencia en territorio. Estos recursos est\u00e1n pensados para distintos p\u00fablicos y contextos, y se publican [...]","protected":false},"author":1,"featured_media":0,"parent":0,"menu_order":0,"comment_status":"closed","ping_status":"closed","template":"","meta":{"footnotes":""},"class_list":["post-4665","page","type-page","status-publish","hentry"],"blocksy_meta":[],"_links":{"self":[{"href":"https:\/\/edunaturalis.com\/es\/wp-json\/wp\/v2\/pages\/4665","targetHints":{"allow":["GET"]}}],"collection":[{"href":"https:\/\/edunaturalis.com\/es\/wp-json\/wp\/v2\/pages"}],"about":[{"href":"https:\/\/edunaturalis.com\/es\/wp-json\/wp\/v2\/types\/page"}],"author":[{"embeddable":true,"href":"https:\/\/edunaturalis.com\/es\/wp-json\/wp\/v2\/users\/1"}],"replies":[{"embeddable":true,"href":"https:\/\/edunaturalis.com\/es\/wp-json\/wp\/v2\/comments?post=4665"}],"version-history":[{"count":72,"href":"https:\/\/edunaturalis.com\/es\/wp-json\/wp\/v2\/pages\/4665\/revisions"}],"predecessor-version":[{"id":5139,"href":"https:\/\/edunaturalis.com\/es\/wp-json\/wp\/v2\/pages\/4665\/revisions\/5139"}],"wp:attachment":[{"href":"https:\/\/edunaturalis.com\/es\/wp-json\/wp\/v2\/media?parent=4665"}],"curies":[{"name":"wp","href":"https:\/\/api.w.org\/{rel}","templated":true}]}}