{"id":4674,"date":"2026-01-14T17:19:58","date_gmt":"2026-01-14T17:19:58","guid":{"rendered":"https:\/\/edunaturalis.com\/?page_id=4674"},"modified":"2026-01-24T09:30:52","modified_gmt":"2026-01-24T09:30:52","slug":"proyectos-e-iniciativas","status":"publish","type":"page","link":"https:\/\/edunaturalis.com\/es\/proyectos-e-iniciativas\/","title":{"rendered":"Para Proyectos e Iniciativas"},"content":{"rendered":"<div class=\"wpb-content-wrapper\"><section class=\"vc_section\"><\/section><div class=\"vc_row wpb_row vc_row-fluid vc_custom_1768477990525\"><div class=\"wpb_column vc_column_container vc_col-sm-12\"><div class=\"vc_column-inner\"><div class=\"wpb_wrapper\">\n\t<div class=\"wpb_text_column wpb_content_element vc_custom_1768246316136\" >\n\t\t<div class=\"wpb_wrapper\">\n\t\t\t<h1 style=\"text-align: center;\"><strong>Para proyectos e iniciativas <\/strong><\/h1>\n\n\t\t<\/div>\n\t<\/div>\n<\/div><\/div><\/div><\/div><div class=\"vc_row wpb_row vc_row-fluid vc_custom_1769246595319 vc_column-gap-15 vc_row-o-equal-height vc_row-o-content-middle vc_row-flex\"><div class=\"wpb_column vc_column_container vc_col-sm-6\"><div class=\"vc_column-inner\"><div class=\"wpb_wrapper\">\n\t<div class=\"wpb_text_column wpb_content_element vc_custom_1769246673973\" >\n\t\t<div class=\"wpb_wrapper\">\n\t\t\t<h2><strong>Un punto de partida claro<\/strong><\/h2>\n<p>Edu Naturalis recibe con frecuencia mensajes de personas, colectivos y organizaciones interesadas en colaborar en torno a la sostenibilidad, el uso responsable de recursos naturales y el trabajo con comunidades rurales e ind\u00edgenas en M\u00e9xico.<\/p>\n<p>Esta p\u00e1gina existe para explicar con claridad c\u00f3mo trabajamos, qu\u00e9 tipo de colaboraciones podemos considerar y, sobre todo, <strong><em>qu\u00e9 no hacemos<\/em><\/strong>, con el fin de proteger a las comunidades, a los ecosistemas y a las personas involucradas, y de ahorrar tiempo a quienes buscan algo que no forma parte del trabajo de Edu Naturalis.<\/p>\n\n\t\t<\/div>\n\t<\/div>\n<\/div><\/div><\/div><div class=\"wpb_column vc_column_container vc_col-sm-6\"><div class=\"vc_column-inner\"><div class=\"wpb_wrapper\">\n\t<div  class=\"wpb_single_image wpb_content_element vc_align_center wpb_content_element vc_custom_1768246743419\">\n\t\t\n\t\t<figure class=\"wpb_wrapper vc_figure\">\n\t\t\t<div class=\"vc_single_image-wrapper   vc_box_border_grey\"><img loading=\"lazy\" decoding=\"async\" width=\"650\" height=\"425\" src=\"https:\/\/edunaturalis.com\/wp-content\/uploads\/2026\/01\/computadora.png\" class=\"vc_single_image-img attachment-large\" alt=\"\" title=\"computadora\" srcset=\"https:\/\/edunaturalis.com\/wp-content\/uploads\/2026\/01\/computadora.png 650w, https:\/\/edunaturalis.com\/wp-content\/uploads\/2026\/01\/computadora-300x196.png 300w, https:\/\/edunaturalis.com\/wp-content\/uploads\/2026\/01\/computadora-18x12.png 18w\" sizes=\"auto, (max-width: 650px) 100vw, 650px\" \/><\/div>\n\t\t<\/figure>\n\t<\/div>\n<\/div><\/div><\/div><\/div><div class=\"vc_row wpb_row vc_row-fluid vc_custom_1768478025125 vc_column-gap-35 vc_row-o-equal-height vc_row-o-content-middle vc_row-flex\"><div class=\"wpb_column vc_column_container vc_col-sm-6\"><div class=\"vc_column-inner\"><div class=\"wpb_wrapper\">\n\t<div  class=\"wpb_single_image wpb_content_element vc_align_center wpb_content_element vc_custom_1768246769626\">\n\t\t\n\t\t<figure class=\"wpb_wrapper vc_figure\">\n\t\t\t<div class=\"vc_single_image-wrapper   vc_box_border_grey\"><img loading=\"lazy\" decoding=\"async\" width=\"650\" height=\"449\" src=\"https:\/\/edunaturalis.com\/wp-content\/uploads\/2026\/01\/loteria.png\" class=\"vc_single_image-img attachment-large\" alt=\"Mesa de trabajo con material educativo utilizado en actividades de educaci\u00f3n ambiental comunitaria.\" title=\"loteria\" srcset=\"https:\/\/edunaturalis.com\/wp-content\/uploads\/2026\/01\/loteria.png 650w, https:\/\/edunaturalis.com\/wp-content\/uploads\/2026\/01\/loteria-300x207.png 300w, https:\/\/edunaturalis.com\/wp-content\/uploads\/2026\/01\/loteria-18x12.png 18w\" sizes=\"auto, (max-width: 650px) 100vw, 650px\" \/><\/div>\n\t\t<\/figure>\n\t<\/div>\n<\/div><\/div><\/div><div class=\"wpb_column vc_column_container vc_col-sm-6\"><div class=\"vc_column-inner\"><div class=\"wpb_wrapper\">\n\t<div class=\"wpb_text_column wpb_content_element vc_custom_1769246682351\" >\n\t\t<div class=\"wpb_wrapper\">\n\t\t\t<h2><strong>Qu\u00e9 es Edu Naturalis en este contexto<\/strong><\/h2>\n<p>Edu Naturalis es una iniciativa educativa y de articulaci\u00f3n \u00e9tica.<br \/>\nNuestro trabajo se centra en:<\/p>\n<ul>\n<li>educaci\u00f3n ambiental y cient\u00edfica situada<\/li>\n<li>fortalecimiento de capacidades<\/li>\n<li>acompa\u00f1amiento de procesos de aprendizaje<\/li>\n<li>creaci\u00f3n de herramientas pr\u00e1cticas para familias, mujeres y productores<\/li>\n<\/ul>\n<p>Edu Naturalis <em>no opera como intermediario comercial<\/em>,<em> ni como gestor directo de recursos naturales o productos comunitarios<\/em>.<\/p>\n\n\t\t<\/div>\n\t<\/div>\n<\/div><\/div><\/div><\/div><section class=\"vc_section vc_custom_1768478032582\"><div class=\"vc_row wpb_row vc_row-fluid vc_column-gap-35 vc_row-o-content-middle vc_row-flex\"><div class=\"wpb_column vc_column_container vc_col-sm-6\"><div class=\"vc_column-inner\"><div class=\"wpb_wrapper\">\n\t<div class=\"wpb_text_column wpb_content_element vc_custom_1769246692148\" >\n\t\t<div class=\"wpb_wrapper\">\n\t\t\t<h2><strong>Lo que no hacemos<\/strong><\/h2>\n<p>Para evitar malentendidos, aqu\u00ed explicamos de forma expl\u00edcita lo que no ofrecemos.<\/p>\n<p>Edu Naturalis <strong>no<\/strong>:<\/p>\n<ul>\n<li>compra, vende ni distribuye productos comunitarios<\/li>\n<li>gestiona semillas, plantas, recursos naturales o materia prima<\/li>\n<li>act\u00faa como intermediario entre comunidades y mercados<\/li>\n<li>facilita exportaciones, certificaciones o permisos<\/li>\n<li>avala proyectos comerciales de terceros<\/li>\n<li>representa legalmente a comunidades o productores<\/li>\n<\/ul>\n<p><em>Estas actividades requieren marcos legales, capacidades operativas y responsabilidades que no forman parte del mandato actual de Edu Naturalis.<\/em><\/p>\n\n\t\t<\/div>\n\t<\/div>\n<\/div><\/div><\/div><div class=\"wpb_column vc_column_container vc_col-sm-6\"><div class=\"vc_column-inner\"><div class=\"wpb_wrapper\">\n\t<div  class=\"wpb_single_image wpb_content_element vc_align_center wpb_content_element vc_custom_1768247166820\">\n\t\t\n\t\t<figure class=\"wpb_wrapper vc_figure\">\n\t\t\t<div class=\"vc_single_image-wrapper   vc_box_border_grey\"><img loading=\"lazy\" decoding=\"async\" width=\"650\" height=\"457\" src=\"https:\/\/edunaturalis.com\/wp-content\/uploads\/2026\/01\/productos.png\" class=\"vc_single_image-img attachment-large\" alt=\"Productos derivados del mezquite como ejemplo de actividades productivas que Edu Naturalis no gestiona directamente.\" title=\"productos\" srcset=\"https:\/\/edunaturalis.com\/wp-content\/uploads\/2026\/01\/productos.png 650w, https:\/\/edunaturalis.com\/wp-content\/uploads\/2026\/01\/productos-300x211.png 300w, https:\/\/edunaturalis.com\/wp-content\/uploads\/2026\/01\/productos-18x12.png 18w\" sizes=\"auto, (max-width: 650px) 100vw, 650px\" \/><\/div>\n\t\t<\/figure>\n\t<\/div>\n<\/div><\/div><\/div><\/div><\/section><div class=\"vc_row wpb_row vc_row-fluid vc_custom_1768478038308 vc_column-gap-35 vc_row-o-equal-height vc_row-o-content-middle vc_row-flex\"><div class=\"wpb_column vc_column_container vc_col-sm-6\"><div class=\"vc_column-inner\"><div class=\"wpb_wrapper\">\n\t<div  class=\"wpb_single_image wpb_content_element vc_align_center wpb_content_element\">\n\t\t\n\t\t<figure class=\"wpb_wrapper vc_figure\">\n\t\t\t<div class=\"vc_single_image-wrapper   vc_box_border_grey\"><img loading=\"lazy\" decoding=\"async\" width=\"568\" height=\"604\" src=\"https:\/\/edunaturalis.com\/wp-content\/uploads\/2026\/01\/consentimiento1.png\" class=\"vc_single_image-img attachment-large\" alt=\"Mujeres revisando y firmando documentos como parte de un proceso de consentimiento informado comunitario.\" title=\"consentimiento1\" srcset=\"https:\/\/edunaturalis.com\/wp-content\/uploads\/2026\/01\/consentimiento1.png 568w, https:\/\/edunaturalis.com\/wp-content\/uploads\/2026\/01\/consentimiento1-282x300.png 282w, https:\/\/edunaturalis.com\/wp-content\/uploads\/2026\/01\/consentimiento1-11x12.png 11w\" sizes=\"auto, (max-width: 568px) 100vw, 568px\" \/><\/div>\n\t\t<\/figure>\n\t<\/div>\n<\/div><\/div><\/div><div class=\"wpb_column vc_column_container vc_col-sm-6\"><div class=\"vc_column-inner\"><div class=\"wpb_wrapper\">\n\t<div class=\"wpb_text_column wpb_content_element vc_custom_1769246700843\" >\n\t\t<div class=\"wpb_wrapper\">\n\t\t\t<h2><strong>Sobre el trabajo con comunidades<\/strong><\/h2>\n<p>Las comunidades rurales e ind\u00edgenas <strong>no son beneficiarias pasivas<\/strong>, ni recursos a los que se \u201caccede\u201d. Son <strong>socias de conocimiento<\/strong>, colaboradoras y titulares de derechos.<\/p>\n<p>Por ello:<\/p>\n<ul>\n<li>Edu Naturalis <strong>no pone en contacto directo<\/strong> a terceros con comunidades<\/li>\n<li>no comparte informaci\u00f3n comunitaria sin consentimiento expl\u00edcito<\/li>\n<li>no promueve modelos extractivos, aunque se presenten como \u201csustentables\u201d<\/li>\n<\/ul>\n<p>Cualquier acercamiento debe partir del respeto, la escucha y la comprensi\u00f3n de los contextos locales, as\u00ed como del cumplimiento estricto de principios \u00e9ticos, incluyendo el consentimiento libre, previo e informado, y la no explotaci\u00f3n humana en ninguna de sus formas.<\/p>\n\n\t\t<\/div>\n\t<\/div>\n<\/div><\/div><\/div><\/div><div class=\"vc_row wpb_row vc_row-fluid vc_custom_1769247049757 vc_column-gap-35 vc_row-o-equal-height vc_row-o-content-middle vc_row-flex\"><div class=\"wpb_column vc_column_container vc_col-sm-6\"><div class=\"vc_column-inner\"><div class=\"wpb_wrapper\">\n\t<div class=\"wpb_text_column wpb_content_element vc_custom_1769246708765\" >\n\t\t<div class=\"wpb_wrapper\">\n\t\t\t<h2><strong>Qu\u00e9 tipo de acercamientos s\u00ed podemos considerar<\/strong><\/h2>\n<p>En el marco actual, Edu Naturalis puede considerar, caso por caso:<\/p>\n<ul>\n<li>intercambios de conocimiento y aprendizaje<\/li>\n<li>colaboraci\u00f3n en el dise\u00f1o de materiales educativos<\/li>\n<li>di\u00e1logo entre investigaci\u00f3n acad\u00e9mica y acci\u00f3n local<\/li>\n<li>reflexi\u00f3n conjunta sobre modelos \u00e9ticos y responsables<\/li>\n<li>procesos piloto centrados en educaci\u00f3n y fortalecimiento de capacidades<\/li>\n<li>otras formas de colaboraci\u00f3n que no est\u00e9n contempladas aqu\u00ed, siempre y cuando se alineen claramente con los principios \u00e9ticos de Edu Naturalis y que sean propuestas o definidas por la propia iniciativa, no solicitadas externamente.<\/li>\n<\/ul>\n<p>Estas posibilidades <strong>no constituyen una oferta abierta<\/strong>, ni implican compromiso autom\u00e1tico.<\/p>\n\n\t\t<\/div>\n\t<\/div>\n<\/div><\/div><\/div><div class=\"wpb_column vc_column_container vc_col-sm-6\"><div class=\"vc_column-inner\"><div class=\"wpb_wrapper\">\n\t<div  class=\"wpb_single_image wpb_content_element vc_align_center wpb_content_element vc_custom_1768247453891\">\n\t\t\n\t\t<figure class=\"wpb_wrapper vc_figure\">\n\t\t\t<div class=\"vc_single_image-wrapper   vc_box_border_grey\"><img loading=\"lazy\" decoding=\"async\" width=\"650\" height=\"348\" src=\"https:\/\/edunaturalis.com\/wp-content\/uploads\/2026\/01\/charla.png\" class=\"vc_single_image-img attachment-large\" alt=\"Conversaci\u00f3n y di\u00e1logo colectivo durante un encuentro de trabajo con comunidades locales.\" title=\"charla\" srcset=\"https:\/\/edunaturalis.com\/wp-content\/uploads\/2026\/01\/charla.png 650w, https:\/\/edunaturalis.com\/wp-content\/uploads\/2026\/01\/charla-300x161.png 300w, https:\/\/edunaturalis.com\/wp-content\/uploads\/2026\/01\/charla-18x10.png 18w\" sizes=\"auto, (max-width: 650px) 100vw, 650px\" \/><\/div>\n\t\t<\/figure>\n\t<\/div>\n<\/div><\/div><\/div><\/div><div class=\"vc_row wpb_row vc_row-fluid vc_custom_1768478049095 vc_column-gap-35 vc_row-o-equal-height vc_row-o-content-middle vc_row-flex\"><div class=\"wpb_column vc_column_container vc_col-sm-6\"><div class=\"vc_column-inner\"><div class=\"wpb_wrapper\">\n\t<div  class=\"wpb_single_image wpb_content_element vc_align_center wpb_content_element vc_custom_1768247563397\">\n\t\t\n\t\t<figure class=\"wpb_wrapper vc_figure\">\n\t\t\t<div class=\"vc_single_image-wrapper   vc_box_border_grey\"><img loading=\"lazy\" decoding=\"async\" width=\"650\" height=\"466\" src=\"https:\/\/edunaturalis.com\/wp-content\/uploads\/2026\/01\/cocina-comunitaria.png\" class=\"vc_single_image-img attachment-large\" alt=\"Mujeres trabajando juntas en una cocina comunitaria como parte de un proceso de aprendizaje y liderazgo colectivo.\" title=\"cocina comunitaria\" srcset=\"https:\/\/edunaturalis.com\/wp-content\/uploads\/2026\/01\/cocina-comunitaria.png 650w, https:\/\/edunaturalis.com\/wp-content\/uploads\/2026\/01\/cocina-comunitaria-300x215.png 300w, https:\/\/edunaturalis.com\/wp-content\/uploads\/2026\/01\/cocina-comunitaria-18x12.png 18w\" sizes=\"auto, (max-width: 650px) 100vw, 650px\" \/><\/div>\n\t\t<\/figure>\n\t<\/div>\n<\/div><\/div><\/div><div class=\"wpb_column vc_column_container vc_col-sm-6\"><div class=\"vc_column-inner\"><div class=\"wpb_wrapper\">\n\t<div class=\"wpb_text_column wpb_content_element vc_custom_1769246717604\" >\n\t\t<div class=\"wpb_wrapper\">\n\t\t\t<h2><strong>Mirando hacia el futuro <\/strong><\/h2>\n<p>Cualquier proceso futuro que implique acompa\u00f1amiento a emprendimientos comunitarios solo podr\u00eda explorarse desde modelos:<\/p>\n<ul>\n<li>liderados por las propias comunidades<\/li>\n<li>con marcos legales claros<\/li>\n<li>con consentimiento informado<\/li>\n<li>sin roles de intermediaci\u00f3n por parte de Edu Naturalis<\/li>\n<\/ul>\n<h3 style=\"text-align: center;\"><em><span style=\"color: #a52a2a;\">En todos los casos, el bienestar de las personas y de los ecosistemas es prioritario frente a cualquier inter\u00e9s econ\u00f3mico.<\/span><\/em><\/h3>\n\n\t\t<\/div>\n\t<\/div>\n<\/div><\/div><\/div><\/div><div class=\"vc_row wpb_row vc_row-fluid vc_custom_1768478053997 vc_column-gap-35 vc_row-o-equal-height vc_row-o-content-middle vc_row-flex\"><div class=\"wpb_column vc_column_container vc_col-sm-6\"><div class=\"vc_column-inner\"><div class=\"wpb_wrapper\">\n\t<div class=\"wpb_text_column wpb_content_element vc_custom_1769246726653\" >\n\t\t<div class=\"wpb_wrapper\">\n\t\t\t<h2><strong>Antes de continuar<\/strong><\/h2>\n<p>Si has llegado hasta aqu\u00ed, gracias por tomarte el tiempo de leer con atenci\u00f3n.<br \/>\nEn Edu Naturalis creemos que las colaboraciones responsables comienzan con claridad, l\u00edmites y expectativas compartidas.<\/p>\n<p>No todo proyecto, iniciativa o propuesta es compatible con nuestra forma de trabajar \u2014 y eso est\u00e1 bien.<br \/>\nNuestro compromiso principal es proteger a las comunidades, los ecosistemas y las personas involucradas, incluso cuando eso implica decir <em>no<\/em> o avanzar con cuidado.<\/p>\n\n\t\t<\/div>\n\t<\/div>\n<\/div><\/div><\/div><div class=\"wpb_column vc_column_container vc_col-sm-6\"><div class=\"vc_column-inner\"><div class=\"wpb_wrapper\">\n\t<div  class=\"wpb_single_image wpb_content_element vc_align_center wpb_content_element vc_custom_1768247638077\">\n\t\t\n\t\t<figure class=\"wpb_wrapper vc_figure\">\n\t\t\t<div class=\"vc_single_image-wrapper   vc_box_border_grey\"><img loading=\"lazy\" decoding=\"async\" width=\"650\" height=\"361\" src=\"https:\/\/edunaturalis.com\/wp-content\/uploads\/2026\/01\/plantas-del-desierto.png\" class=\"vc_single_image-img attachment-large\" alt=\"Trabajo de campo y observaci\u00f3n directa como parte de un proceso de aprendizaje y acompa\u00f1amiento t\u00e9cnico.\" title=\"plantas del desierto\" srcset=\"https:\/\/edunaturalis.com\/wp-content\/uploads\/2026\/01\/plantas-del-desierto.png 650w, https:\/\/edunaturalis.com\/wp-content\/uploads\/2026\/01\/plantas-del-desierto-300x167.png 300w, https:\/\/edunaturalis.com\/wp-content\/uploads\/2026\/01\/plantas-del-desierto-18x10.png 18w\" sizes=\"auto, (max-width: 650px) 100vw, 650px\" \/><\/div>\n\t\t<\/figure>\n\t<\/div>\n<\/div><\/div><\/div><\/div><div class=\"vc_row wpb_row vc_row-fluid vc_custom_1768478203879 vc_column-gap-35 vc_row-o-equal-height vc_row-o-content-middle vc_row-flex\"><div class=\"wpb_column vc_column_container vc_col-sm-6\"><div class=\"vc_column-inner\"><div class=\"wpb_wrapper\">\n\t<div  class=\"wpb_single_image wpb_content_element vc_align_center wpb_content_element\">\n\t\t\n\t\t<figure class=\"wpb_wrapper vc_figure\">\n\t\t\t<div class=\"vc_single_image-wrapper   vc_box_border_grey\"><img loading=\"lazy\" decoding=\"async\" width=\"650\" height=\"459\" src=\"https:\/\/edunaturalis.com\/wp-content\/uploads\/2026\/01\/consentimeinto-2.png\" class=\"vc_single_image-img attachment-large\" alt=\"Mujeres leyendo, revisando y firmando documentos como parte de un proceso de consentimiento informado comunitario.\" title=\"consentimeinto 2\" srcset=\"https:\/\/edunaturalis.com\/wp-content\/uploads\/2026\/01\/consentimeinto-2.png 650w, https:\/\/edunaturalis.com\/wp-content\/uploads\/2026\/01\/consentimeinto-2-300x212.png 300w, https:\/\/edunaturalis.com\/wp-content\/uploads\/2026\/01\/consentimeinto-2-18x12.png 18w\" sizes=\"auto, (max-width: 650px) 100vw, 650px\" \/><\/div>\n\t\t<\/figure>\n\t<\/div>\n<\/div><\/div><\/div><div class=\"wpb_column vc_column_container vc_col-sm-6\"><div class=\"vc_column-inner\"><div class=\"wpb_wrapper\">\n\t<div class=\"wpb_text_column wpb_content_element vc_custom_1769246733639\" >\n\t\t<div class=\"wpb_wrapper\">\n\t\t\t<h2><strong>Antes de escribirnos<\/strong><\/h2>\n<p>Si est\u00e1s considerando ponerte en contacto con Edu Naturalis, te invitamos a reflexionar con honestidad:<\/p>\n<ul>\n<li>\u00bfTu propuesta respeta la autonom\u00eda comunitaria?<\/li>\n<li>\u00bfEvita la extracci\u00f3n de valor sin retorno justo?<\/li>\n<li>\u00bfReconoce los l\u00edmites ecol\u00f3gicos y legales?<\/li>\n<li>\u00bfEst\u00e1 abierta a procesos lentos, cuidadosos y situados?<\/li>\n<\/ul>\n<p data-start=\"1203\" data-end=\"1391\">Si estas preguntas resuenan contigo, te invitamos a leer nuestro <a href=\"https:\/\/edunaturalis.com\/es\/codigo-de-etica\/\">C\u00f3digo de \u00c9tica<\/a>, donde explicamos c\u00f3mo trabajamos, cu\u00e1les son nuestros l\u00edmites y qu\u00e9 tipo de colaboraciones buscamos.<\/p>\n<p data-start=\"1398\" data-end=\"1545\">Si, despu\u00e9s de leerlo, est\u00e1s de acuerdo con su contenido, puedes escribirnos con un mensaje claro y honesto sobre tus motivaciones e intereses.<\/p>\n\n\t\t<\/div>\n\t<\/div>\n<\/div><\/div><\/div><\/div><div class=\"vc_row wpb_row vc_row-fluid vc_custom_1768478144509 vc_column-gap-35 vc_row-o-equal-height vc_row-o-content-middle vc_row-flex\"><div class=\"wpb_column vc_column_container vc_col-sm-6\"><div class=\"vc_column-inner\"><div class=\"wpb_wrapper\">\n\t<div class=\"wpb_text_column wpb_content_element vc_custom_1769246747124\" >\n\t\t<div class=\"wpb_wrapper\">\n\t\t\t<p style=\"text-align: center;\">Para colaboraciones, prensa o consultas generales, puedes escribir a:<br \/>\n<a href=\"mailto:info@edunaturalis.com\"><strong>info@edunaturalis.com<\/strong><\/a><\/p>\n<p style=\"text-align: center;\">Los mensajes son le\u00eddos con cuidado, pero las respuestas pueden tomar tiempo.<br \/>\n<em>Edu Naturalis prioriza la reflexi\u00f3n responsable sobre la rapidez.<\/em><\/p>\n\n\t\t<\/div>\n\t<\/div>\n<\/div><\/div><\/div><div class=\"wpb_column vc_column_container vc_col-sm-6\"><div class=\"vc_column-inner\"><div class=\"wpb_wrapper\">\n\t<div  class=\"wpb_single_image wpb_content_element vc_align_center wpb_content_element vc_custom_1768249427644\">\n\t\t\n\t\t<figure class=\"wpb_wrapper vc_figure\">\n\t\t\t<div class=\"vc_single_image-wrapper   vc_box_border_grey\"><img loading=\"lazy\" decoding=\"async\" width=\"650\" height=\"471\" src=\"https:\/\/edunaturalis.com\/wp-content\/uploads\/2026\/01\/escibenos.png\" class=\"vc_single_image-img attachment-large\" alt=\"Persona escribiendo con calma en una libreta, en un espacio tranquilo que invita a la reflexi\u00f3n.\" title=\"escibenos\" srcset=\"https:\/\/edunaturalis.com\/wp-content\/uploads\/2026\/01\/escibenos.png 650w, https:\/\/edunaturalis.com\/wp-content\/uploads\/2026\/01\/escibenos-300x217.png 300w, https:\/\/edunaturalis.com\/wp-content\/uploads\/2026\/01\/escibenos-18x12.png 18w\" sizes=\"auto, (max-width: 650px) 100vw, 650px\" \/><\/div>\n\t\t<\/figure>\n\t<\/div>\n<\/div><\/div><\/div><\/div><div class=\"vc_row wpb_row vc_row-fluid vc_custom_1768478235943 vc_column-gap-35 vc_row-o-equal-height vc_row-o-content-middle vc_row-flex\"><div class=\"wpb_column vc_column_container vc_col-sm-6\"><div class=\"vc_column-inner\"><div class=\"wpb_wrapper\">\n\t<div  class=\"wpb_single_image wpb_content_element vc_align_center wpb_content_element\">\n\t\t\n\t\t<figure class=\"wpb_wrapper vc_figure\">\n\t\t\t<div class=\"vc_single_image-wrapper   vc_box_border_grey\"><img loading=\"lazy\" decoding=\"async\" width=\"650\" height=\"462\" src=\"https:\/\/edunaturalis.com\/wp-content\/uploads\/2026\/01\/charla2.png\" class=\"vc_single_image-img attachment-large\" alt=\"Encuentro de di\u00e1logo con productores locales para reflexionar sobre procesos comunitarios y decisiones futuras.\" title=\"charla2\" srcset=\"https:\/\/edunaturalis.com\/wp-content\/uploads\/2026\/01\/charla2.png 650w, https:\/\/edunaturalis.com\/wp-content\/uploads\/2026\/01\/charla2-300x213.png 300w, https:\/\/edunaturalis.com\/wp-content\/uploads\/2026\/01\/charla2-18x12.png 18w\" sizes=\"auto, (max-width: 650px) 100vw, 650px\" \/><\/div>\n\t\t<\/figure>\n\t<\/div>\n<\/div><\/div><\/div><div class=\"wpb_column vc_column_container vc_col-sm-6\"><div class=\"vc_column-inner\"><div class=\"wpb_wrapper\">\n\t<div class=\"wpb_text_column wpb_content_element vc_custom_1769246815186\" >\n\t\t<div class=\"wpb_wrapper\">\n\t\t\t<p style=\"text-align: center;\">Si, en cambio, lo que buscas es aprender, reflexionar o actuar desde tu propio espacio, te invitamos a explorar primero nuestros recursos.<\/p>\n\n\t\t<\/div>\n\t<\/div>\n<div class=\"vc_btn3-container vc_btn3-center vc_do_btn\" ><button class=\"vc_general vc_btn3 vc_btn3-size-md vc_btn3-shape-rounded vc_btn3-style-modern vc_btn3-color-success\">Explorar recursos<\/button><\/div><\/div><\/div><\/div><\/div><div class=\"vc_row wpb_row vc_row-fluid vc_custom_1768478086173\"><div class=\"wpb_column vc_column_container vc_col-sm-12\"><div class=\"vc_column-inner\"><div class=\"wpb_wrapper\">\n\t<div class=\"wpb_text_column wpb_content_element vc_custom_1769246822693\" >\n\t\t<div class=\"wpb_wrapper\">\n\t\t\t<h3 style=\"text-align: center;\"><span style=\"color: #a52a2a;\">Por un futuro m\u00e1s justo \u2022 Protegiendo la naturaleza \u2022 Empoderando mujeres \u2022 Apoyando productores \u2022 Promoviendo h\u00e1bitos sostenibles \u2022 Inspirando acciones transformadoras<\/span><\/h3>\n\n\t\t<\/div>\n\t<\/div>\n<\/div><\/div><\/div><\/div>\n<\/div>","protected":false},"excerpt":{"rendered":"Para proyectos e iniciativas Un punto de partida claro Edu Naturalis recibe con frecuencia mensajes de personas, colectivos y organizaciones interesadas en colaborar en torno a la sostenibilidad, el uso responsable de recursos naturales y el trabajo con comunidades rurales e ind\u00edgenas en M\u00e9xico. Esta p\u00e1gina existe para explicar con claridad c\u00f3mo trabajamos, qu\u00e9 tipo [...]","protected":false},"author":1,"featured_media":0,"parent":0,"menu_order":0,"comment_status":"closed","ping_status":"closed","template":"","meta":{"footnotes":""},"class_list":["post-4674","page","type-page","status-publish","hentry"],"blocksy_meta":[],"_links":{"self":[{"href":"https:\/\/edunaturalis.com\/es\/wp-json\/wp\/v2\/pages\/4674","targetHints":{"allow":["GET"]}}],"collection":[{"href":"https:\/\/edunaturalis.com\/es\/wp-json\/wp\/v2\/pages"}],"about":[{"href":"https:\/\/edunaturalis.com\/es\/wp-json\/wp\/v2\/types\/page"}],"author":[{"embeddable":true,"href":"https:\/\/edunaturalis.com\/es\/wp-json\/wp\/v2\/users\/1"}],"replies":[{"embeddable":true,"href":"https:\/\/edunaturalis.com\/es\/wp-json\/wp\/v2\/comments?post=4674"}],"version-history":[{"count":61,"href":"https:\/\/edunaturalis.com\/es\/wp-json\/wp\/v2\/pages\/4674\/revisions"}],"predecessor-version":[{"id":5149,"href":"https:\/\/edunaturalis.com\/es\/wp-json\/wp\/v2\/pages\/4674\/revisions\/5149"}],"wp:attachment":[{"href":"https:\/\/edunaturalis.com\/es\/wp-json\/wp\/v2\/media?parent=4674"}],"curies":[{"name":"wp","href":"https:\/\/api.w.org\/{rel}","templated":true}]}}