{"id":4787,"date":"2026-01-14T17:24:38","date_gmt":"2026-01-14T17:24:38","guid":{"rendered":"https:\/\/edunaturalis.com\/?page_id=4787"},"modified":"2026-01-24T09:11:38","modified_gmt":"2026-01-24T09:11:38","slug":"para-familias","status":"publish","type":"page","link":"https:\/\/edunaturalis.com\/es\/recursos\/para-familias\/","title":{"rendered":"Recursos en espa\u00f1ol para familias"},"content":{"rendered":"<div class=\"wpb-content-wrapper\"><section class=\"vc_section\"><\/section><div class=\"vc_row wpb_row vc_row-fluid\"><div class=\"wpb_column vc_column_container vc_col-sm-12\"><div class=\"vc_column-inner\"><div class=\"wpb_wrapper\">\n\t<div  class=\"wpb_single_image wpb_content_element vc_align_center wpb_content_element vc_custom_1768326885433\">\n\t\t\n\t\t<figure class=\"wpb_wrapper vc_figure\">\n\t\t\t<div class=\"vc_single_image-wrapper   vc_box_border_grey\"><img decoding=\"async\" class=\"vc_single_image-img \" src=\"https:\/\/edunaturalis.com\/wp-content\/uploads\/2026\/01\/recursos-para-familias-1-500x300.png\" width=\"500\" height=\"300\" alt=\"Recursos educativos para familias, personas y educadores que promueven h\u00e1bitos conscientes y cuidado de la naturaleza.\" title=\"recursos para familias\" loading=\"lazy\" \/><\/div>\n\t\t<\/figure>\n\t<\/div>\n<\/div><\/div><\/div><\/div><div class=\"vc_row wpb_row vc_row-fluid\"><div class=\"wpb_column vc_column_container vc_col-sm-12\"><div class=\"vc_column-inner\"><div class=\"wpb_wrapper\">\n\t<div class=\"wpb_text_column wpb_content_element vc_custom_1769245862828\" >\n\t\t<div class=\"wpb_wrapper\">\n\t\t\t<h1 style=\"text-align: center;\"><strong><em>Herramientas, gu\u00edas e ideas basadas en la investigaci\u00f3n para ayudarte a actuar \u2014 tanto en casa como en tu comunidad.<\/em><\/strong><\/h1>\n<h2 style=\"text-align: center;\"><span style=\"color: #398043;\"><strong>Para personas, familias y educadores que buscan actuar con informaci\u00f3n, cuidado y responsabilidad.\u00a0<\/strong><\/span><\/h2>\n\n\t\t<\/div>\n\t<\/div>\n<\/div><\/div><\/div><\/div><div class=\"vc_row wpb_row vc_row-fluid vc_custom_1768327326170\"><div class=\"wpb_column vc_column_container vc_col-sm-2\"><div class=\"vc_column-inner\"><div class=\"wpb_wrapper\"><\/div><\/div><\/div><div class=\"wpb_column vc_column_container vc_col-sm-8 vc_col-has-fill\"><div class=\"vc_column-inner vc_custom_1768326134175\"><div class=\"wpb_wrapper\">\n\t<div class=\"wpb_text_column wpb_content_element vc_custom_1769245875404\" >\n\t\t<div class=\"wpb_wrapper\">\n\t\t\t<p style=\"text-align: center;\">En esta secci\u00f3n reunimos herramientas y materiales educativos pensados para personas y familias que desean comprender mejor el impacto de sus decisiones cotidianas y actuar con informaci\u00f3n y responsabilidad.<\/p>\n<p style=\"text-align: center;\">Los recursos se basan en investigaci\u00f3n cient\u00edfica, conocimiento tradicional y experiencia en territorio, y est\u00e1n dise\u00f1ados para ser pr\u00e1cticos, accesibles y aplicables en contextos reales.<\/p>\n<p style=\"text-align: center;\"><span style=\"color: #b98612;\"><em>No todas las herramientas son universales ni inmediatas: en Edu Naturalis priorizamos recursos situados, \u00e9ticos y \u00fatiles, que puedan integrarse de forma consciente y progresiva en la vida diaria.<\/em><\/span><\/p>\n\n\t\t<\/div>\n\t<\/div>\n<\/div><\/div><\/div><div class=\"wpb_column vc_column_container vc_col-sm-2\"><div class=\"vc_column-inner\"><div class=\"wpb_wrapper\"><\/div><\/div><\/div><\/div><section class=\"vc_section vc_section-o-content-middle vc_section-flex\"><div data-vc-full-width=\"true\" data-vc-full-width-temp=\"true\" data-vc-full-width-init=\"false\" class=\"vc_row wpb_row vc_row-fluid vc_column-gap-15 vc_row-o-equal-height vc_row-o-content-middle vc_row-flex\"><div class=\"wpb_column vc_column_container vc_col-sm-4 vc_col-has-fill\"><div class=\"vc_column-inner vc_custom_1760524707464\"><div class=\"wpb_wrapper\">\n\t<div class=\"wpb_text_column wpb_content_element\" >\n\t\t<div class=\"wpb_wrapper\">\n\t\t\t<h2 style=\"text-align: center;\"><img loading=\"lazy\" decoding=\"async\" class=\"alignnone wp-image-2709\" src=\"https:\/\/edunaturalis.com\/wp-content\/uploads\/2025\/10\/Family-2-150x150.png\" alt=\"Decorative icon showing a family\" width=\"108\" height=\"108\" srcset=\"https:\/\/edunaturalis.com\/wp-content\/uploads\/2025\/10\/Family-2-150x150.png 150w, https:\/\/edunaturalis.com\/wp-content\/uploads\/2025\/10\/Family-2-300x300.png 300w, https:\/\/edunaturalis.com\/wp-content\/uploads\/2025\/10\/Family-2-12x12.png 12w, https:\/\/edunaturalis.com\/wp-content\/uploads\/2025\/10\/Family-2.png 600w\" sizes=\"auto, (max-width: 108px) 100vw, 108px\" \/><\/h2>\n<h2 style=\"text-align: center;\">Registro Familiar de Eco H\u00e1bitos \u2014 Herramientas gratuitas<\/h2>\n<h3 style=\"text-align: center;\">Herramientas r\u00e1pidas y pr\u00e1cticas para comenzar en casa.<\/h3>\n\n\t\t<\/div>\n\t<\/div>\n\n\t<div class=\"wpb_text_column wpb_content_element\" >\n\t\t<div class=\"wpb_wrapper\">\n\t\t\t<p><img loading=\"lazy\" decoding=\"async\" class=\"aligncenter wp-image-4746\" src=\"https:\/\/edunaturalis.com\/wp-content\/uploads\/2026\/01\/proximamente2-150x150.png\" alt=\"nota que dice proximamente co decoraciones de una hoja verde, una estrella y copos de nieve\" width=\"200\" height=\"125\" srcset=\"https:\/\/edunaturalis.com\/wp-content\/uploads\/2026\/01\/proximamente2-300x188.png 300w, https:\/\/edunaturalis.com\/wp-content\/uploads\/2026\/01\/proximamente2-18x12.png 18w, https:\/\/edunaturalis.com\/wp-content\/uploads\/2026\/01\/proximamente2.png 525w\" sizes=\"auto, (max-width: 200px) 100vw, 200px\" \/><\/p>\n\n\t\t<\/div>\n\t<\/div>\n<\/div><\/div><\/div><div class=\"wpb_column vc_column_container vc_col-sm-4 vc_col-has-fill\"><div class=\"vc_column-inner vc_custom_1760524724092\"><div class=\"wpb_wrapper\">\n\t<div class=\"wpb_text_column wpb_content_element\" >\n\t\t<div class=\"wpb_wrapper\">\n\t\t\t<h2 style=\"text-align: center;\"><img loading=\"lazy\" decoding=\"async\" class=\"alignnone wp-image-2709\" src=\"https:\/\/edunaturalis.com\/wp-content\/uploads\/2025\/10\/Family-2-150x150.png\" alt=\"Decorative icon showing a family\" width=\"108\" height=\"108\" srcset=\"https:\/\/edunaturalis.com\/wp-content\/uploads\/2025\/10\/Family-2-150x150.png 150w, https:\/\/edunaturalis.com\/wp-content\/uploads\/2025\/10\/Family-2-300x300.png 300w, https:\/\/edunaturalis.com\/wp-content\/uploads\/2025\/10\/Family-2-12x12.png 12w, https:\/\/edunaturalis.com\/wp-content\/uploads\/2025\/10\/Family-2.png 600w\" sizes=\"auto, (max-width: 108px) 100vw, 108px\" \/><\/h2>\n<h2 style=\"text-align: center;\">Registro Familiar de Eco H\u00e1bitos \u2014 Producto<\/h2>\n<h3 style=\"text-align: center;\" data-pm-slice=\"1 1 &#091;&#093;\">Un registro familiar dise\u00f1ado con cuidado para ayudar\u00a0 a reducir el desperdicio, ahorrar dinero y proteger el planeta \u2014 un h\u00e1bito a la vez.<\/h3>\n<p><img loading=\"lazy\" decoding=\"async\" class=\"aligncenter wp-image-4746\" src=\"https:\/\/edunaturalis.com\/wp-content\/uploads\/2026\/01\/proximamente2-150x150.png\" alt=\"nota que dice proximamente co decoraciones de una hoja verde, una estrella y copos de nieve\" width=\"200\" height=\"125\" srcset=\"https:\/\/edunaturalis.com\/wp-content\/uploads\/2026\/01\/proximamente2-300x188.png 300w, https:\/\/edunaturalis.com\/wp-content\/uploads\/2026\/01\/proximamente2-18x12.png 18w, https:\/\/edunaturalis.com\/wp-content\/uploads\/2026\/01\/proximamente2.png 525w\" sizes=\"auto, (max-width: 200px) 100vw, 200px\" \/><\/p>\n\n\t\t<\/div>\n\t<\/div>\n<\/div><\/div><\/div><div class=\"wpb_column vc_column_container vc_col-sm-4 vc_col-has-fill\"><div class=\"vc_column-inner vc_custom_1760524740081\"><div class=\"wpb_wrapper\">\n\t<div class=\"wpb_text_column wpb_content_element\" >\n\t\t<div class=\"wpb_wrapper\">\n\t\t\t<h2 style=\"text-align: center;\"><img loading=\"lazy\" decoding=\"async\" class=\"aligncenter wp-image-2716\" src=\"https:\/\/edunaturalis.com\/wp-content\/uploads\/2025\/10\/research-1-150x150.png\" alt=\"Decorative icon showing a seedling inside a test tube\" width=\"113\" height=\"113\" srcset=\"https:\/\/edunaturalis.com\/wp-content\/uploads\/2025\/10\/research-1-150x150.png 150w, https:\/\/edunaturalis.com\/wp-content\/uploads\/2025\/10\/research-1-300x300.png 300w, https:\/\/edunaturalis.com\/wp-content\/uploads\/2025\/10\/research-1-12x12.png 12w, https:\/\/edunaturalis.com\/wp-content\/uploads\/2025\/10\/research-1.png 600w\" sizes=\"auto, (max-width: 113px) 100vw, 113px\" \/><\/h2>\n<h2 style=\"text-align: center;\">Notas de Investigaci\u00f3n<\/h2>\n<h3 style=\"text-align: center;\">Res\u00famenes claros, breves y accesibles que conectan la evidencia con la pr\u00e1ctica.<\/h3>\n<p><img loading=\"lazy\" decoding=\"async\" class=\"aligncenter wp-image-4746\" src=\"https:\/\/edunaturalis.com\/wp-content\/uploads\/2026\/01\/proximamente2-150x150.png\" alt=\"nota que dice proximamente co decoraciones de una hoja verde, una estrella y copos de nieve\" width=\"200\" height=\"125\" srcset=\"https:\/\/edunaturalis.com\/wp-content\/uploads\/2026\/01\/proximamente2-300x188.png 300w, https:\/\/edunaturalis.com\/wp-content\/uploads\/2026\/01\/proximamente2-18x12.png 18w, https:\/\/edunaturalis.com\/wp-content\/uploads\/2026\/01\/proximamente2.png 525w\" sizes=\"auto, (max-width: 200px) 100vw, 200px\" \/><\/p>\n\n\t\t<\/div>\n\t<\/div>\n<\/div><\/div><\/div><\/div><div class=\"vc_row-full-width vc_clearfix\"><\/div><div class=\"vc_row wpb_row vc_row-fluid\"><div class=\"wpb_column vc_column_container vc_col-sm-4\"><div class=\"vc_column-inner vc_custom_1765799321208\"><div class=\"wpb_wrapper\"><div class=\"vc_row wpb_row vc_inner vc_row-fluid vc_row-o-content-middle vc_row-flex\"><div class=\"wpb_column vc_column_container vc_col-sm-12\"><div class=\"vc_column-inner vc_custom_1765799330750\"><div class=\"wpb_wrapper\">\n\t<div class=\"wpb_text_column wpb_content_element vc_custom_1768384127591\" >\n\t\t<div class=\"wpb_wrapper\">\n\t\t\t<p style=\"text-align: center;\"><em>El acceso anticipado al <strong>Registro Semanal de Eco-H\u00e1bitos<\/strong> abrir\u00e1 pronto.<\/em><\/p>\n<p style=\"text-align: center;\">Si quieres ser a\u00f1adido a la lista de espera para obtener este recurso gratuito, por favor incluye tu informaci\u00f3n a continuaci\u00f3n<\/p>\n<p style=\"text-align: center;\"><img loading=\"lazy\" decoding=\"async\" class=\"alignnone wp-image-4092\" src=\"https:\/\/edunaturalis.com\/wp-content\/uploads\/2025\/11\/7-150x150.png\" alt=\"\" width=\"48\" height=\"48\" srcset=\"https:\/\/edunaturalis.com\/wp-content\/uploads\/2025\/11\/7-150x150.png 150w, https:\/\/edunaturalis.com\/wp-content\/uploads\/2025\/11\/7-12x12.png 12w, https:\/\/edunaturalis.com\/wp-content\/uploads\/2025\/11\/7.png 300w\" sizes=\"auto, (max-width: 48px) 100vw, 48px\" \/><\/p>\n\n\t\t<\/div>\n\t<\/div>\n\n\t<div class=\"wpb_text_column wpb_content_element\" >\n\t\t<div class=\"wpb_wrapper\">\n\t\t\t<p style=\"text-align: center;\"><style id=\"wpforms-css-vars-4848\">\n\t\t\t\t#wpforms-4848 {\n\t\t\t\t--wpforms-field-border-color: rgba(0, 0, 0, 0.25);\n--wpforms-field-border-color-spare: rgba(0, 0, 0, 0.25);\n--wpforms-field-text-color: rgba(0, 0, 0, 0.7);\n--wpforms-label-color: rgba(0, 0, 0, 0.85);\n--wpforms-label-sublabel-color: rgba(0, 0, 0, 0.55);\n--wpforms-button-background-color: #80bc7c;\n--wpforms-background-color: rgba(0, 0, 0, 0);\n--wpforms-field-size-input-height: 43px;\n--wpforms-field-size-input-spacing: 15px;\n--wpforms-field-size-font-size: 16px;\n--wpforms-field-size-line-height: 19px;\n--wpforms-field-size-padding-h: 14px;\n--wpforms-field-size-checkbox-size: 16px;\n--wpforms-field-size-sublabel-spacing: 5px;\n--wpforms-field-size-icon-size: 1;\n--wpforms-label-size-font-size: 16px;\n--wpforms-label-size-line-height: 19px;\n--wpforms-label-size-sublabel-font-size: 14px;\n--wpforms-label-size-sublabel-line-height: 17px;\n--wpforms-button-size-font-size: 17px;\n--wpforms-button-size-height: 41px;\n--wpforms-button-size-padding-h: 15px;\n--wpforms-button-size-margin-top: 10px;\n--wpforms-container-shadow-size-box-shadow: none;\n\t\t\t}\n\t\t\t<\/style><div class=\"wpforms-container wpforms-container-full freebie-form wpforms-render-modern\" id=\"wpforms-4848\"><form id=\"wpforms-form-4848\" class=\"wpforms-validate wpforms-form wpforms-ajax-form\" data-formid=\"4848\" method=\"post\" enctype=\"multipart\/form-data\" action=\"\/es\/wp-json\/wp\/v2\/pages\/4787\" data-token=\"47e3fc748722fbaef5ffafa5770c22df\" data-token-time=\"1775923318\"><noscript class=\"wpforms-error-noscript\">Por favor, activa JavaScript en tu navegador para completar este formulario.<\/noscript><div id=\"wpforms-error-noscript\" style=\"display: none;\">Por favor, activa JavaScript en tu navegador para completar este formulario.<\/div><div class=\"wpforms-field-container\"><div id=\"wpforms-4848-field_1-container\" class=\"wpforms-field wpforms-field-name\" data-field-id=\"1\"><label class=\"wpforms-field-label wpforms-label-hide\" for=\"wpforms-4848-field_1\" aria-hidden=\"false\">Nombre <span class=\"wpforms-required-label\" aria-hidden=\"true\">*<\/span><\/label><input type=\"text\" id=\"wpforms-4848-field_1\" class=\"wpforms-field-large wpforms-field-required\" name=\"wpforms[fields][1]\" placeholder=\"Nombre\" aria-errormessage=\"wpforms-4848-field_1-error\" required><\/div><div id=\"wpforms-4848-field_2-container\" class=\"wpforms-field wpforms-field-email\" data-field-id=\"2\"><label class=\"wpforms-field-label\" for=\"wpforms-4848-field_2\">Correo electr\u00f3nico <span class=\"wpforms-required-label\" aria-hidden=\"true\">*<\/span><\/label><input type=\"email\" id=\"wpforms-4848-field_2\" class=\"wpforms-field-large wpforms-field-required\" name=\"wpforms[fields][2]\" placeholder=\"Correo electr\u00f3nico\" spellcheck=\"false\" aria-errormessage=\"wpforms-4848-field_2-error\" required><\/div>\t\t<div id=\"wpforms-4848-field_4-container\"\n\t\t\tclass=\"wpforms-field wpforms-field-text\"\n\t\t\tdata-field-type=\"text\"\n\t\t\tdata-field-id=\"4\"\n\t\t\t>\n\t\t\t<label class=\"wpforms-field-label\" for=\"wpforms-4848-field_4\" >GDPR Correo Agreement<\/label>\n\t\t\t<input type=\"text\" id=\"wpforms-4848-field_4\" class=\"wpforms-field-medium\" name=\"wpforms[fields][4]\" >\n\t\t<\/div>\n\t\t<div id=\"wpforms-4848-field_3-container\" class=\"wpforms-field wpforms-field-gdpr-checkbox\" data-field-id=\"3\"><label class=\"wpforms-field-label\">GDPR Agreement <span class=\"wpforms-required-label\" aria-hidden=\"true\">*<\/span><\/label><ul id=\"wpforms-4848-field_3\" class=\"wpforms-field-required\"><li class=\"choice-1\"><input type=\"checkbox\" id=\"wpforms-4848-field_3_1\" name=\"wpforms[fields][3][]\" value=\"Acepto recibir actualizaciones y noticias ocasionales de Edu Naturalis. Puedes cancelar la suscripci\u00f3n en cualquier momento.\" aria-errormessage=\"wpforms-4848-field_3_1-error\" required ><label class=\"wpforms-field-label-inline\" for=\"wpforms-4848-field_3_1\">Acepto recibir actualizaciones y noticias ocasionales de Edu Naturalis. Puedes cancelar la suscripci\u00f3n en cualquier momento.<\/label><\/li><\/ul><\/div><script>\n\t\t\t\t( function() {\n\t\t\t\t\tconst style = document.createElement( 'style' );\n\t\t\t\t\tstyle.appendChild( document.createTextNode( '#wpforms-4848-field_4-container { position: absolute !important; overflow: hidden !important; display: inline !important; height: 1px !important; width: 1px !important; z-index: -1000 !important; padding: 0 !important; } #wpforms-4848-field_4-container input { visibility: hidden; } #wpforms-conversational-form-page #wpforms-4848-field_4-container label { counter-increment: none; }' ) );\n\t\t\t\t\tdocument.head.appendChild( style );\n\t\t\t\t\tdocument.currentScript?.remove();\n\t\t\t\t} )();\n\t\t\t<\/script><\/div><!-- .wpforms-field-container --><div class=\"wpforms-recaptcha-container wpforms-is-turnstile\" ><div class=\"wpforms-turnstile\" data-sitekey=\"0x4AAAAAAB5oi2Mv6FpjGQAJ\" data-action=\"FormID-4848\"><\/div><input type=\"text\" name=\"g-recaptcha-hidden\" class=\"wpforms-recaptcha-hidden\" style=\"position:absolute!important;clip:rect(0,0,0,0)!important;height:1px!important;width:1px!important;border:0!important;overflow:hidden!important;padding:0!important;margin:0!important;\" data-rule-turnstile=\"1\"><\/div><div class=\"wpforms-submit-container\" ><input type=\"hidden\" name=\"wpforms[id]\" value=\"4848\"><input type=\"hidden\" name=\"page_title\" value=\"\"><input type=\"hidden\" name=\"page_url\" value=\"https:\/\/edunaturalis.com\/es\/wp-json\/wp\/v2\/pages\/4787\"><input type=\"hidden\" name=\"url_referer\" value=\"\"><button type=\"submit\" name=\"wpforms[submit]\" id=\"wpforms-submit-4848\" class=\"wpforms-submit btn-edu\" data-alt-text=\"Sending\u2026\" data-submit-text=\"\u00danete a la lista de espera\" aria-live=\"assertive\" value=\"wpforms-submit\">\u00danete a la lista de espera<\/button><img loading=\"lazy\" decoding=\"async\" src=\"https:\/\/edunaturalis.com\/wp-content\/plugins\/wpforms\/assets\/images\/submit-spin.svg\" class=\"wpforms-submit-spinner\" style=\"display: none;\" width=\"26\" height=\"26\" alt=\"Cargando\"><\/div><\/form><\/div>  <!-- .wpforms-container --><\/p>\n\n\t\t<\/div>\n\t<\/div>\n<\/div><\/div><\/div><\/div><\/div><\/div><\/div><div class=\"wpb_column vc_column_container vc_col-sm-4\"><div class=\"vc_column-inner vc_custom_1763989957280\"><div class=\"wpb_wrapper\"><\/div><\/div><\/div><div class=\"wpb_column vc_column_container vc_col-sm-4\"><div class=\"vc_column-inner\"><div class=\"wpb_wrapper\"><\/div><\/div><\/div><\/div><\/section><div class=\"vc_row wpb_row vc_row-fluid vc_custom_1768385841469\"><div class=\"wpb_column vc_column_container vc_col-sm-12\"><div class=\"vc_column-inner vc_custom_1766407370970\"><div class=\"wpb_wrapper\">\n\t<div class=\"wpb_text_column wpb_content_element vc_custom_1769245895781\" >\n\t\t<div class=\"wpb_wrapper\">\n\t\t\t<h3 style=\"text-align: center;\"><span style=\"color: #a52a2a;\">Por un futuro m\u00e1s justo \u2022 Protegiendo la naturaleza \u2022 Empoderando mujeres \u2022 Apoyando productores \u2022 Promoviendo h\u00e1bitos sostenibles \u2022 Inspirando acciones transformadoras<\/span><\/h3>\n\n\t\t<\/div>\n\t<\/div>\n<\/div><\/div><\/div><\/div>\n<\/div>","protected":false},"excerpt":{"rendered":"Herramientas, gu\u00edas e ideas basadas en la investigaci\u00f3n para ayudarte a actuar \u2014 tanto en casa como en tu comunidad. Para personas, familias y educadores que buscan actuar con informaci\u00f3n, cuidado y responsabilidad.\u00a0 En esta secci\u00f3n reunimos herramientas y materiales educativos pensados para personas y familias que desean comprender mejor el impacto de sus decisiones [...]","protected":false},"author":1,"featured_media":0,"parent":4665,"menu_order":0,"comment_status":"closed","ping_status":"closed","template":"","meta":{"footnotes":""},"class_list":["post-4787","page","type-page","status-publish","hentry"],"blocksy_meta":[],"_links":{"self":[{"href":"https:\/\/edunaturalis.com\/es\/wp-json\/wp\/v2\/pages\/4787","targetHints":{"allow":["GET"]}}],"collection":[{"href":"https:\/\/edunaturalis.com\/es\/wp-json\/wp\/v2\/pages"}],"about":[{"href":"https:\/\/edunaturalis.com\/es\/wp-json\/wp\/v2\/types\/page"}],"author":[{"embeddable":true,"href":"https:\/\/edunaturalis.com\/es\/wp-json\/wp\/v2\/users\/1"}],"replies":[{"embeddable":true,"href":"https:\/\/edunaturalis.com\/es\/wp-json\/wp\/v2\/comments?post=4787"}],"version-history":[{"count":36,"href":"https:\/\/edunaturalis.com\/es\/wp-json\/wp\/v2\/pages\/4787\/revisions"}],"predecessor-version":[{"id":5141,"href":"https:\/\/edunaturalis.com\/es\/wp-json\/wp\/v2\/pages\/4787\/revisions\/5141"}],"up":[{"embeddable":true,"href":"https:\/\/edunaturalis.com\/es\/wp-json\/wp\/v2\/pages\/4665"}],"wp:attachment":[{"href":"https:\/\/edunaturalis.com\/es\/wp-json\/wp\/v2\/media?parent=4787"}],"curies":[{"name":"wp","href":"https:\/\/api.w.org\/{rel}","templated":true}]}}